{"id":8,"date":"2018-02-24T10:13:05","date_gmt":"2018-02-24T10:13:05","guid":{"rendered":"https:\/\/tomys-thaimassage.de\/?page_id=8"},"modified":"2018-03-18T17:16:08","modified_gmt":"2018-03-18T16:16:08","slug":"anwendungen","status":"publish","type":"page","link":"https:\/\/tomys-thaimassage.de\/index.php\/anwendungen\/","title":{"rendered":"Thaimassagen"},"content":{"rendered":"<p><img fetchpriority=\"high\" decoding=\"async\" class=\"alignleft size-medium wp-image-678\" style=\"border: 4px solid #e3d9c6;\" src=\"https:\/\/tomys-thaimassage.de\/wp-content\/uploads\/2018\/03\/AdobeStock_141267519-300x200.jpeg\" alt=\"\" width=\"300\" height=\"200\" srcset=\"https:\/\/tomys-thaimassage.de\/wp-content\/uploads\/2018\/03\/AdobeStock_141267519-300x200.jpeg 300w, https:\/\/tomys-thaimassage.de\/wp-content\/uploads\/2018\/03\/AdobeStock_141267519-768x512.jpeg 768w, https:\/\/tomys-thaimassage.de\/wp-content\/uploads\/2018\/03\/AdobeStock_141267519-1024x683.jpeg 1024w\" sizes=\"(max-width: 300px) 100vw, 300px\" \/><\/p>\n<h3><strong>Traditionelle Thaimassage<\/strong><\/h3>\n<p class=\"gold clearfix colelem\">Die traditionelle Thaimassage besteht aus passiven, dem Yoga entnommenen Streckpositionen und Dehnbewegungen, Gelenkmobilisationen und Druckpunktmassagen. W\u00e4hrend der Behandlung werden Finger, H\u00e4nde, Ellenbogen, das Knie und manchmal auch das gesamte K\u00f6rpergewicht benutzt um die Druckpunkte effektiv zu erreichen. Dabei wird oft die N\u00e4he der Schmerzgrenze erreicht, jedoch immer mit pr\u00fcfenden Blick zum Gast, so dass die Schmerzgrenze niemals erreicht wird. Der ganze K\u00f6rper wird gedehnt und gestreckt. Diese Auflockerung tr\u00e4gt ma\u00dfgeblich zum Erfolg der Massagen bei.<br \/>\nBei dieser Massage wird kein \u00d6l verwendet.<\/p>\n<hr style=\"border: dashed #e3d9c6 1px;\" \/>\n<p><img decoding=\"async\" class=\"alignright size-medium wp-image-680\" style=\"border: 4px solid #e3d9c6;\" src=\"https:\/\/tomys-thaimassage.de\/wp-content\/uploads\/2018\/03\/AdobeStock_119841433-300x200.jpeg\" alt=\"\" width=\"300\" height=\"200\" srcset=\"https:\/\/tomys-thaimassage.de\/wp-content\/uploads\/2018\/03\/AdobeStock_119841433-300x200.jpeg 300w, https:\/\/tomys-thaimassage.de\/wp-content\/uploads\/2018\/03\/AdobeStock_119841433-768x512.jpeg 768w, https:\/\/tomys-thaimassage.de\/wp-content\/uploads\/2018\/03\/AdobeStock_119841433-1024x683.jpeg 1024w\" sizes=\"(max-width: 300px) 100vw, 300px\" \/><\/p>\n<h3><strong>Klassische Thai-Massage<\/strong><\/h3>\n<p class=\"gold clearfix colelem\">Die Klassische Thaimassage wird mittels Akupressur nach einem vorbestimmten Ablauf ausgef\u00fchrt wobei der K\u00f6rper gedehnt, gestreichelt, geknetet wird und sich dabei entspannt. Mit den Fingern, Ellenbogen und Knien werden die Energieknotenpunkte des K\u00f6rpers bearbeitet.<br \/>\nBei dieser Massage wird \u00d6l verwendet.<\/p>\n<hr style=\"border: dashed #e3d9c6 1px;\" \/>\n<p><img decoding=\"async\" class=\"alignleft wp-image-684\" style=\"border: 4px solid #e3d9c6;\" src=\"https:\/\/tomys-thaimassage.de\/wp-content\/uploads\/2018\/03\/AdobeStock_50407431-300x300.jpeg\" alt=\"\" width=\"200\" height=\"200\" \/><\/p>\n<h3><strong>Aroma\u00f6l Ganzk\u00f6rpermassage<\/strong><\/h3>\n<p class=\"gold weiss clearfix colelem\">Die Aroma-\u00d6lmassage ist eine &#8222;ruhigere&#8220; Art der Thaimassage.\u00a0Das herrlich duftende und wohltuende \u00d6l wird auf den gesamten K\u00f6rper einmassiert. Die Art der Massage ist \u00e4hnlich der Thai Massage. Die Bewegungsabl\u00e4ufe sind sanfter und man f\u00e4llt in eine tiefe Entspannung voller Wohlbefinden. Diese Anwendung ist ideal bei stressigem Alltag oder bei seelischen und k\u00f6rperlichen Anspannungen.<\/p>\n<hr style=\"border: dashed #e3d9c6 1px;\" \/>\n<p><img loading=\"lazy\" decoding=\"async\" class=\"alignright size-medium wp-image-681\" style=\"border: 4px solid #e3d9c6;\" src=\"https:\/\/tomys-thaimassage.de\/wp-content\/uploads\/2018\/03\/AdobeStock_81786174-300x200.jpeg\" alt=\"\" width=\"300\" height=\"200\" srcset=\"https:\/\/tomys-thaimassage.de\/wp-content\/uploads\/2018\/03\/AdobeStock_81786174-300x200.jpeg 300w, https:\/\/tomys-thaimassage.de\/wp-content\/uploads\/2018\/03\/AdobeStock_81786174-768x512.jpeg 768w, https:\/\/tomys-thaimassage.de\/wp-content\/uploads\/2018\/03\/AdobeStock_81786174-1024x683.jpeg 1024w\" sizes=\"(max-width: 300px) 100vw, 300px\" \/><\/p>\n<h3><strong>Kopf, Nacken &amp; Schulter Massage<\/strong><\/h3>\n<p class=\"gold clearfix colelem\">Die R\u00fccken- Nacken und Kopfmassage ist eine Kurzform der traditionellen Thai Massage. Dabei gilt die Fokusierung auf R\u00fccken- Schulter- und Kopfpartie. Durch sanftes massieren wird die Muskulatur stimuliert und Verspannungen effektiv gel\u00f6st. Diese Anwendung eignet sich f\u00fcr alle, die viel am Schreibtisch arbeiten oder oft durch einseitige Belastungen Nacken und Schulter Beschwerden haben.<\/p>\n<hr style=\"border: dashed #e3d9c6 1px;\" \/>\n<p><img loading=\"lazy\" decoding=\"async\" class=\"alignleft size-medium wp-image-686\" style=\"border: 4px solid #e3d9c6;\" src=\"https:\/\/tomys-thaimassage.de\/wp-content\/uploads\/2018\/03\/AdobeStock_191069174-300x214.jpeg\" alt=\"\" width=\"300\" height=\"214\" srcset=\"https:\/\/tomys-thaimassage.de\/wp-content\/uploads\/2018\/03\/AdobeStock_191069174-300x214.jpeg 300w, https:\/\/tomys-thaimassage.de\/wp-content\/uploads\/2018\/03\/AdobeStock_191069174-768x548.jpeg 768w, https:\/\/tomys-thaimassage.de\/wp-content\/uploads\/2018\/03\/AdobeStock_191069174-1024x731.jpeg 1024w\" sizes=\"(max-width: 300px) 100vw, 300px\" \/><\/p>\n<h3><strong>Kr\u00e4uterstempel Massage<\/strong><\/h3>\n<p class=\"gold clearfix colelem\">In verschiedenen fern\u00f6stlichen Kulturkreisen z\u00e4hlt die Massage mit Kr\u00e4uter gef\u00fcllten Leinenstoffstempeln zu den traditionellen Heilmethoden. In Thailand wird diese Jahrtausende alte Tradition auch Nuad genannt. Diese Form der Thai-Massage ber\u00fccksichtigt nicht nur die k\u00f6rperliche, sondern auch die geistig-mentale, seelische und die energetischen Ebenen des K\u00f6rpers. Die Kr\u00e4uterstempel werden dazu in einem Wasserbad erw\u00e4rmt. Durch die W\u00e4rme werden die Hautporen ge\u00f6ffnet und die Wirkungsstoffe k\u00f6nnen sich entfalten. Eine Kombination aus klassischen Massagegriffen und Stempelbewegungen hilft Ihrem K\u00f6rper und Geist sich zu erholen.<\/p>\n<hr style=\"border: dashed #e3d9c6 1px;\" \/>\n<p><img loading=\"lazy\" decoding=\"async\" class=\"alignright size-medium wp-image-683\" style=\"border: 4px solid #e3d9c6;\" src=\"https:\/\/tomys-thaimassage.de\/wp-content\/uploads\/2018\/03\/AdobeStock_65742555-300x226.jpeg\" alt=\"\" width=\"300\" height=\"226\" srcset=\"https:\/\/tomys-thaimassage.de\/wp-content\/uploads\/2018\/03\/AdobeStock_65742555-300x226.jpeg 300w, https:\/\/tomys-thaimassage.de\/wp-content\/uploads\/2018\/03\/AdobeStock_65742555-768x578.jpeg 768w, https:\/\/tomys-thaimassage.de\/wp-content\/uploads\/2018\/03\/AdobeStock_65742555-1024x771.jpeg 1024w\" sizes=\"(max-width: 300px) 100vw, 300px\" \/><\/p>\n<h3><strong>Hot Stone Massage<\/strong>, entspannen wie in Thailand<\/h3>\n<p class=\"gold clearfix colelem\">Die Warmsteinmassage ist einer der beliebtesten Massageformen in unserem Studio. Steine aus Basalt werden daf\u00fcr in einem Wasserbad auf eine Temperatur von 60 \u00b0C erw\u00e4rmt und anschlie\u00dfend auf den K\u00f6rper gelegt. Ziel ist es, die Entspannung der Muskeln durch gezielte W\u00e4rme Abgabe zu erreichen.<\/p>\n<hr style=\"border: dashed #e3d9c6 1px;\" \/>\n<p><img loading=\"lazy\" decoding=\"async\" class=\"alignleft size-medium wp-image-687\" style=\"border: 4px solid #e3d9c6;\" src=\"https:\/\/tomys-thaimassage.de\/wp-content\/uploads\/2018\/03\/AdobeStock_17672186-300x199.jpeg\" alt=\"\" width=\"300\" height=\"199\" srcset=\"https:\/\/tomys-thaimassage.de\/wp-content\/uploads\/2018\/03\/AdobeStock_17672186-300x199.jpeg 300w, https:\/\/tomys-thaimassage.de\/wp-content\/uploads\/2018\/03\/AdobeStock_17672186-768x510.jpeg 768w, https:\/\/tomys-thaimassage.de\/wp-content\/uploads\/2018\/03\/AdobeStock_17672186-1024x680.jpeg 1024w\" sizes=\"(max-width: 300px) 100vw, 300px\" \/><\/p>\n<h3><strong>Thail\u00e4ndische Fu\u00dfmassage<\/strong><\/h3>\n<p class=\"gold clearfix colelem\">In der thail\u00e4ndischen Fu\u00dfmassage werden durch spezielle Massagetechniken Reflexzonen am Fu\u00df diagnostiziert und massiert. In Thailand ist diese Form der Massage die am h\u00e4ufigsten angebotene Art der Thai-Massage. Die Fu\u00dfmassage wirkt sich positiv auf Ihr Empfinden aus, da im Fu\u00df die Energielinien der Organe, Dr\u00fcsen und verschiedenen K\u00f6rperteile verlaufen. Ihre F\u00fc\u00dfe werden es Ihnen danken.<\/p>\n<hr style=\"border: dashed #e3d9c6 1px;\" \/>\n<p><img loading=\"lazy\" decoding=\"async\" class=\"alignright size-medium wp-image-682\" style=\"border: 4px solid #e3d9c6;\" src=\"https:\/\/tomys-thaimassage.de\/wp-content\/uploads\/2018\/03\/AdobeStock_80655298-300x200.jpeg\" alt=\"\" width=\"300\" height=\"200\" srcset=\"https:\/\/tomys-thaimassage.de\/wp-content\/uploads\/2018\/03\/AdobeStock_80655298-300x200.jpeg 300w, https:\/\/tomys-thaimassage.de\/wp-content\/uploads\/2018\/03\/AdobeStock_80655298-768x512.jpeg 768w, https:\/\/tomys-thaimassage.de\/wp-content\/uploads\/2018\/03\/AdobeStock_80655298-1024x683.jpeg 1024w\" sizes=\"(max-width: 300px) 100vw, 300px\" \/><\/p>\n<h3><strong>Thai-Akupressur-Massage<\/strong><\/h3>\n<p class=\"gold clearfix colelem\">Eine sehr spezielle Massagetechnik ist die Akupressur-Massage. Dabei werden durch gezieltes und kr\u00e4ftiges Pressen auf verschiedene Akupressur Punkte Verspannungen und sogar Blockaden gelockert. Diese Behandlung ist besonders gut geeignet bei akuten Schmerzen im Schulter-und R\u00fcckenbereich. Es k\u00f6nnen aber auch Kopfschmerzen und Migr\u00e4ne gelindert oder beseitigt werden.<\/p>\n","protected":false},"excerpt":{"rendered":"<p>Traditionelle Thaimassage Die traditionelle Thaimassage besteht aus passiven, dem Yoga entnommenen Streckpositionen und Dehnbewegungen, Gelenkmobilisationen und Druckpunktmassagen. W\u00e4hrend der Behandlung &hellip; <\/p>\n<p><a href=\"https:\/\/tomys-thaimassage.de\/index.php\/anwendungen\/\" class=\"more-link\">Weiterlesen<\/a><\/p>\n","protected":false},"author":1,"featured_media":0,"parent":0,"menu_order":0,"comment_status":"closed","ping_status":"closed","template":"","meta":{"footnotes":""},"class_list":["post-8","page","type-page","status-publish","hentry"],"yoast_head":"<!-- This site is optimized with the Yoast SEO plugin v25.4 - https:\/\/yoast.com\/wordpress\/plugins\/seo\/ -->\n<title>Thaimassagen - Tomys Thai Massage<\/title>\n<meta name=\"robots\" content=\"index, follow, max-snippet:-1, max-image-preview:large, max-video-preview:-1\" \/>\n<link rel=\"canonical\" href=\"https:\/\/tomys-thaimassage.de\/index.php\/anwendungen\/\" \/>\n<meta property=\"og:locale\" content=\"de_DE\" \/>\n<meta property=\"og:type\" content=\"article\" \/>\n<meta property=\"og:title\" content=\"Thaimassagen - Tomys Thai Massage\" \/>\n<meta property=\"og:description\" content=\"Traditionelle Thaimassage Die traditionelle Thaimassage besteht aus passiven, dem Yoga entnommenen Streckpositionen und Dehnbewegungen, Gelenkmobilisationen und Druckpunktmassagen. W\u00e4hrend der Behandlung &hellip; Weiterlesen\" \/>\n<meta property=\"og:url\" content=\"https:\/\/tomys-thaimassage.de\/index.php\/anwendungen\/\" \/>\n<meta property=\"og:site_name\" content=\"Tomys Thai Massage\" \/>\n<meta property=\"article:publisher\" content=\"https:\/\/www.facebook.com\/Tomys-Thai-Massage-615014375514076\/\" \/>\n<meta property=\"article:modified_time\" content=\"2018-03-18T16:16:08+00:00\" \/>\n<meta property=\"og:image\" content=\"https:\/\/tomys-thaimassage.de\/wp-content\/uploads\/2018\/03\/AdobeStock_141267519-300x200.jpeg\" \/>\n<meta name=\"twitter:card\" content=\"summary_large_image\" \/>\n<meta name=\"twitter:label1\" content=\"Gesch\u00e4tzte Lesezeit\" \/>\n\t<meta name=\"twitter:data1\" content=\"3\u00a0Minuten\" \/>\n<script type=\"application\/ld+json\" class=\"yoast-schema-graph\">{\"@context\":\"https:\/\/schema.org\",\"@graph\":[{\"@type\":\"WebPage\",\"@id\":\"https:\/\/tomys-thaimassage.de\/index.php\/anwendungen\/\",\"url\":\"https:\/\/tomys-thaimassage.de\/index.php\/anwendungen\/\",\"name\":\"Thaimassagen - Tomys Thai Massage\",\"isPartOf\":{\"@id\":\"https:\/\/tomys-thaimassage.de\/#website\"},\"primaryImageOfPage\":{\"@id\":\"https:\/\/tomys-thaimassage.de\/index.php\/anwendungen\/#primaryimage\"},\"image\":{\"@id\":\"https:\/\/tomys-thaimassage.de\/index.php\/anwendungen\/#primaryimage\"},\"thumbnailUrl\":\"https:\/\/tomys-thaimassage.de\/wp-content\/uploads\/2018\/03\/AdobeStock_141267519-300x200.jpeg\",\"datePublished\":\"2018-02-24T10:13:05+00:00\",\"dateModified\":\"2018-03-18T16:16:08+00:00\",\"breadcrumb\":{\"@id\":\"https:\/\/tomys-thaimassage.de\/index.php\/anwendungen\/#breadcrumb\"},\"inLanguage\":\"de\",\"potentialAction\":[{\"@type\":\"ReadAction\",\"target\":[\"https:\/\/tomys-thaimassage.de\/index.php\/anwendungen\/\"]}]},{\"@type\":\"ImageObject\",\"inLanguage\":\"de\",\"@id\":\"https:\/\/tomys-thaimassage.de\/index.php\/anwendungen\/#primaryimage\",\"url\":\"https:\/\/tomys-thaimassage.de\/wp-content\/uploads\/2018\/03\/AdobeStock_141267519-300x200.jpeg\",\"contentUrl\":\"https:\/\/tomys-thaimassage.de\/wp-content\/uploads\/2018\/03\/AdobeStock_141267519-300x200.jpeg\"},{\"@type\":\"BreadcrumbList\",\"@id\":\"https:\/\/tomys-thaimassage.de\/index.php\/anwendungen\/#breadcrumb\",\"itemListElement\":[{\"@type\":\"ListItem\",\"position\":1,\"name\":\"Home\",\"item\":\"https:\/\/tomys-thaimassage.de\/\"},{\"@type\":\"ListItem\",\"position\":2,\"name\":\"Thaimassagen\"}]},{\"@type\":\"WebSite\",\"@id\":\"https:\/\/tomys-thaimassage.de\/#website\",\"url\":\"https:\/\/tomys-thaimassage.de\/\",\"name\":\"Tomys Thai Massage\",\"description\":\"Premium Thai Massage in D\u00fcsseldorf\",\"publisher\":{\"@id\":\"https:\/\/tomys-thaimassage.de\/#organization\"},\"potentialAction\":[{\"@type\":\"SearchAction\",\"target\":{\"@type\":\"EntryPoint\",\"urlTemplate\":\"https:\/\/tomys-thaimassage.de\/?s={search_term_string}\"},\"query-input\":{\"@type\":\"PropertyValueSpecification\",\"valueRequired\":true,\"valueName\":\"search_term_string\"}}],\"inLanguage\":\"de\"},{\"@type\":\"Organization\",\"@id\":\"https:\/\/tomys-thaimassage.de\/#organization\",\"name\":\"Tomys Thai Massage\",\"url\":\"https:\/\/tomys-thaimassage.de\/\",\"logo\":{\"@type\":\"ImageObject\",\"inLanguage\":\"de\",\"@id\":\"https:\/\/tomys-thaimassage.de\/#\/schema\/logo\/image\/\",\"url\":\"https:\/\/tomys-thaimassage.de\/wp-content\/uploads\/2018\/03\/Logo-draft.png\",\"contentUrl\":\"https:\/\/tomys-thaimassage.de\/wp-content\/uploads\/2018\/03\/Logo-draft.png\",\"width\":497,\"height\":425,\"caption\":\"Tomys Thai Massage\"},\"image\":{\"@id\":\"https:\/\/tomys-thaimassage.de\/#\/schema\/logo\/image\/\"},\"sameAs\":[\"https:\/\/www.facebook.com\/Tomys-Thai-Massage-615014375514076\/\"]}]}<\/script>\n<!-- \/ Yoast SEO plugin. -->","yoast_head_json":{"title":"Thaimassagen - Tomys Thai Massage","robots":{"index":"index","follow":"follow","max-snippet":"max-snippet:-1","max-image-preview":"max-image-preview:large","max-video-preview":"max-video-preview:-1"},"canonical":"https:\/\/tomys-thaimassage.de\/index.php\/anwendungen\/","og_locale":"de_DE","og_type":"article","og_title":"Thaimassagen - Tomys Thai Massage","og_description":"Traditionelle Thaimassage Die traditionelle Thaimassage besteht aus passiven, dem Yoga entnommenen Streckpositionen und Dehnbewegungen, Gelenkmobilisationen und Druckpunktmassagen. W\u00e4hrend der Behandlung &hellip; Weiterlesen","og_url":"https:\/\/tomys-thaimassage.de\/index.php\/anwendungen\/","og_site_name":"Tomys Thai Massage","article_publisher":"https:\/\/www.facebook.com\/Tomys-Thai-Massage-615014375514076\/","article_modified_time":"2018-03-18T16:16:08+00:00","og_image":[{"url":"https:\/\/tomys-thaimassage.de\/wp-content\/uploads\/2018\/03\/AdobeStock_141267519-300x200.jpeg","type":"","width":"","height":""}],"twitter_card":"summary_large_image","twitter_misc":{"Gesch\u00e4tzte Lesezeit":"3\u00a0Minuten"},"schema":{"@context":"https:\/\/schema.org","@graph":[{"@type":"WebPage","@id":"https:\/\/tomys-thaimassage.de\/index.php\/anwendungen\/","url":"https:\/\/tomys-thaimassage.de\/index.php\/anwendungen\/","name":"Thaimassagen - Tomys Thai Massage","isPartOf":{"@id":"https:\/\/tomys-thaimassage.de\/#website"},"primaryImageOfPage":{"@id":"https:\/\/tomys-thaimassage.de\/index.php\/anwendungen\/#primaryimage"},"image":{"@id":"https:\/\/tomys-thaimassage.de\/index.php\/anwendungen\/#primaryimage"},"thumbnailUrl":"https:\/\/tomys-thaimassage.de\/wp-content\/uploads\/2018\/03\/AdobeStock_141267519-300x200.jpeg","datePublished":"2018-02-24T10:13:05+00:00","dateModified":"2018-03-18T16:16:08+00:00","breadcrumb":{"@id":"https:\/\/tomys-thaimassage.de\/index.php\/anwendungen\/#breadcrumb"},"inLanguage":"de","potentialAction":[{"@type":"ReadAction","target":["https:\/\/tomys-thaimassage.de\/index.php\/anwendungen\/"]}]},{"@type":"ImageObject","inLanguage":"de","@id":"https:\/\/tomys-thaimassage.de\/index.php\/anwendungen\/#primaryimage","url":"https:\/\/tomys-thaimassage.de\/wp-content\/uploads\/2018\/03\/AdobeStock_141267519-300x200.jpeg","contentUrl":"https:\/\/tomys-thaimassage.de\/wp-content\/uploads\/2018\/03\/AdobeStock_141267519-300x200.jpeg"},{"@type":"BreadcrumbList","@id":"https:\/\/tomys-thaimassage.de\/index.php\/anwendungen\/#breadcrumb","itemListElement":[{"@type":"ListItem","position":1,"name":"Home","item":"https:\/\/tomys-thaimassage.de\/"},{"@type":"ListItem","position":2,"name":"Thaimassagen"}]},{"@type":"WebSite","@id":"https:\/\/tomys-thaimassage.de\/#website","url":"https:\/\/tomys-thaimassage.de\/","name":"Tomys Thai Massage","description":"Premium Thai Massage in D\u00fcsseldorf","publisher":{"@id":"https:\/\/tomys-thaimassage.de\/#organization"},"potentialAction":[{"@type":"SearchAction","target":{"@type":"EntryPoint","urlTemplate":"https:\/\/tomys-thaimassage.de\/?s={search_term_string}"},"query-input":{"@type":"PropertyValueSpecification","valueRequired":true,"valueName":"search_term_string"}}],"inLanguage":"de"},{"@type":"Organization","@id":"https:\/\/tomys-thaimassage.de\/#organization","name":"Tomys Thai Massage","url":"https:\/\/tomys-thaimassage.de\/","logo":{"@type":"ImageObject","inLanguage":"de","@id":"https:\/\/tomys-thaimassage.de\/#\/schema\/logo\/image\/","url":"https:\/\/tomys-thaimassage.de\/wp-content\/uploads\/2018\/03\/Logo-draft.png","contentUrl":"https:\/\/tomys-thaimassage.de\/wp-content\/uploads\/2018\/03\/Logo-draft.png","width":497,"height":425,"caption":"Tomys Thai Massage"},"image":{"@id":"https:\/\/tomys-thaimassage.de\/#\/schema\/logo\/image\/"},"sameAs":["https:\/\/www.facebook.com\/Tomys-Thai-Massage-615014375514076\/"]}]}},"_links":{"self":[{"href":"https:\/\/tomys-thaimassage.de\/index.php\/wp-json\/wp\/v2\/pages\/8","targetHints":{"allow":["GET"]}}],"collection":[{"href":"https:\/\/tomys-thaimassage.de\/index.php\/wp-json\/wp\/v2\/pages"}],"about":[{"href":"https:\/\/tomys-thaimassage.de\/index.php\/wp-json\/wp\/v2\/types\/page"}],"author":[{"embeddable":true,"href":"https:\/\/tomys-thaimassage.de\/index.php\/wp-json\/wp\/v2\/users\/1"}],"replies":[{"embeddable":true,"href":"https:\/\/tomys-thaimassage.de\/index.php\/wp-json\/wp\/v2\/comments?post=8"}],"version-history":[{"count":55,"href":"https:\/\/tomys-thaimassage.de\/index.php\/wp-json\/wp\/v2\/pages\/8\/revisions"}],"predecessor-version":[{"id":705,"href":"https:\/\/tomys-thaimassage.de\/index.php\/wp-json\/wp\/v2\/pages\/8\/revisions\/705"}],"wp:attachment":[{"href":"https:\/\/tomys-thaimassage.de\/index.php\/wp-json\/wp\/v2\/media?parent=8"}],"curies":[{"name":"wp","href":"https:\/\/api.w.org\/{rel}","templated":true}]}}